{"id":374,"date":"2018-11-30T08:47:26","date_gmt":"2018-11-30T08:47:26","guid":{"rendered":"https:\/\/workingfor.net\/redapple\/mgserrature\/chiavi-e-cilindri\/"},"modified":"2026-01-26T10:26:25","modified_gmt":"2026-01-26T10:26:25","slug":"schluessel-und-zylinder","status":"publish","type":"page","link":"https:\/\/mgserrature.it\/de\/schluessel-und-zylinder\/","title":{"rendered":"Schl\u00fcssel und Zylinder"},"content":{"rendered":"<div class=\"wpb-content-wrapper\"><p>[vc_row full_width=&#8220;stretch_row&#8220; el_class=&#8220;header-page&#8220; css=&#8220;.vc_custom_1543835956737{background-image: url(https:\/\/mgserrature.it\/wp-content\/uploads\/2018\/12\/header-cilindri.jpg?id=142) !important;}&#8220;][vc_column][vc_custom_heading text=&#8220;UNSERE PRODUKTE<br \/>\n<strong>SCHL\u00dcSSEL UND ZYLINDER <\/strong>&#8220; use_theme_fonts=&#8220;yes&#8220; el_class=&#8220;title-header&#8220;][\/vc_column][\/vc_row][vc_row full_width=&#8220;stretch_row&#8220; el_class=&#8220;container-intro-page&#8220;][vc_column][vc_custom_heading text=&#8220;SCHL\u00dcSSEL UND ZYLINDER&#8220; font_container=&#8220;tag:h2|text_align:center&#8220; use_theme_fonts=&#8220;yes&#8220;][vc_column_text]<\/p>\n<p style=\"text-align: center;\">Der Zylinder ist das Herz der Sicherheit. Unser Ziel ist wirkungsvolle und zuverl\u00e4ssige Zylinder zu produzieren, um Ihre Ruhe zu sch\u00fctzen.<br \/>\nUm unsere Kunden zufriedenzustellen, bieten wir eine reiche Auswahl an Zylindern mit verschiedenen Sicherheitsniveau und Verzierungen an. Zwischen diesen Artikeln finden Sie unsere HSP und ST modularen Zylinder mit patentiertem Schl\u00fcssel und Kontrolle der Nachbestellung, die gem\u00e4\u00df der EN1303:2015 Bestimmungsparametern die h\u00f6chste Punktzahl auf dem Gebiet der Sicherheit und Zuverl\u00e4ssigkeit bekommen haben.<\/p>\n<p>[\/vc_column_text][vc_column_text css=&#8220;.vc_custom_1548341276316{margin-bottom: 0px !important;}&#8220;]<\/p>\n<p style=\"text-align: center;\">Wir produzieren auch Schlie\u00dfanlagen, die erm\u00f6glichen, mit einem einzigen Schl\u00fcssel mehrere Zug\u00e4nge in einem Geb\u00e4ude zu \u00f6ffnen und deshalb weniger Schl\u00fcssel dabei zu haben.<br \/>\nAlle unsere Zylinder werden ausschlie\u00dflich in unserer Niederlassung in Italien hergestellt und vor dem Verkauf gewissenhaft gepr\u00fcft.<\/p>\n<p>[\/vc_column_text][\/vc_column][\/vc_row][vc_row equal_height=&#8220;yes&#8220; el_class=&#8220;container-cert&#8220;][vc_column width=&#8220;1\/3&#8243;][vc_single_image image=&#8220;78&#8243; img_size=&#8220;full&#8220; alignment=&#8220;center&#8220; el_class=&#8220;cert-ico&#8220; css=&#8220;.vc_custom_1543567575937{margin-bottom: 0px !important;}&#8220;][vc_column_text el_class=&#8220;cert-text&#8220;]<\/p>\n<p style=\"text-align: center;\">SCHL\u00dcSSEL<br \/>\nUND ZYLINDERKN\u00d6PFE<\/p>\n<p>[\/vc_column_text][vc_btn title=&#8220;download&#8220; style=&#8220;outline-custom&#8220; outline_custom_color=&#8220;#000000&#8243; outline_custom_hover_background=&#8220;#000000&#8243; outline_custom_hover_text=&#8220;#ffffff&#8220; shape=&#8220;square&#8220; align=&#8220;center&#8220; el_class=&#8220;btn-read&#8220; link=&#8220;url:https%3A%2F%2Fmgserrature.it%2Fwp-content%2Fuploads%2F2026%2F01%2FCATALOGO-CHIAVI-E-POMOLI_merged.pdf|target:_blank&#8220;][\/vc_column][vc_column width=&#8220;1\/3&#8243;][vc_single_image image=&#8220;79&#8243; img_size=&#8220;full&#8220; alignment=&#8220;center&#8220; el_class=&#8220;cert-ico&#8220; css=&#8220;.vc_custom_1543567613416{margin-bottom: 0px !important;}&#8220;][vc_column_text el_class=&#8220;cert-text&#8220;]<\/p>\n<p style=\"text-align: center;\">SICHERHEITSZYINDER<br \/>\nHSP<\/p>\n<p>[\/vc_column_text][vc_btn title=&#8220;download&#8220; style=&#8220;outline-custom&#8220; outline_custom_color=&#8220;#000000&#8243; outline_custom_hover_background=&#8220;#000000&#8243; outline_custom_hover_text=&#8220;#ffffff&#8220; shape=&#8220;square&#8220; align=&#8220;center&#8220; el_class=&#8220;btn-read&#8220; link=&#8220;url:https%3A%2F%2Fmgserrature.it%2Fwp-content%2Fuploads%2F2026%2F01%2FCATALOGO-HSP2.pdf&#8220;][\/vc_column][vc_column width=&#8220;1\/3&#8243;][vc_single_image image=&#8220;79&#8243; img_size=&#8220;full&#8220; alignment=&#8220;center&#8220; el_class=&#8220;cert-ico&#8220; css=&#8220;.vc_custom_1543567622517{margin-bottom: 0px !important;}&#8220;][vc_column_text el_class=&#8220;cert-text&#8220;]<\/p>\n<p style=\"text-align: center;\">STANDARD<br \/>\nZYLINDER<\/p>\n<p>[\/vc_column_text][vc_btn title=&#8220;download&#8220; style=&#8220;outline-custom&#8220; outline_custom_color=&#8220;#000000&#8243; outline_custom_hover_background=&#8220;#000000&#8243; outline_custom_hover_text=&#8220;#ffffff&#8220; shape=&#8220;square&#8220; align=&#8220;center&#8220; el_class=&#8220;btn-read&#8220; link=&#8220;url:https%3A%2F%2Fmgserrature.it%2Fwp-content%2Fuploads%2F2026%2F01%2FCATALOGO-CILINDRI-BASE.pdf&#8220;][\/vc_column][vc_column width=&#8220;1\/3&#8243;][vc_single_image image=&#8220;79&#8243; img_size=&#8220;full&#8220; alignment=&#8220;center&#8220; el_class=&#8220;cert-ico&#8220; css=&#8220;.vc_custom_1543567643781{margin-bottom: 0px !important;}&#8220;][vc_column_text el_class=&#8220;cert-text&#8220;]<\/p>\n<p style=\"text-align: center;\">SICHERHEITSZYINDER<br \/>\nHS<\/p>\n<p>[\/vc_column_text][vc_btn title=&#8220;download&#8220; style=&#8220;outline-custom&#8220; outline_custom_color=&#8220;#000000&#8243; outline_custom_hover_background=&#8220;#000000&#8243; outline_custom_hover_text=&#8220;#ffffff&#8220; shape=&#8220;square&#8220; align=&#8220;center&#8220; el_class=&#8220;btn-read&#8220; link=&#8220;url:https%3A%2F%2Fmgserrature.it%2Fwp-content%2Fuploads%2F2026%2F01%2FCATALOGO-HS-1.pdf&#8220;][\/vc_column][vc_column width=&#8220;1\/3&#8243;][vc_single_image image=&#8220;79&#8243; img_size=&#8220;full&#8220; alignment=&#8220;center&#8220; el_class=&#8220;cert-ico&#8220; css=&#8220;.vc_custom_1543567637434{margin-bottom: 0px !important;}&#8220;][vc_column_text el_class=&#8220;cert-text&#8220;]<\/p>\n<p style=\"text-align: center;\">SICHERHEITSZYINDER<br \/>\nX8<\/p>\n<p>[\/vc_column_text][vc_btn title=&#8220;download&#8220; style=&#8220;outline-custom&#8220; outline_custom_color=&#8220;#000000&#8243; outline_custom_hover_background=&#8220;#000000&#8243; outline_custom_hover_text=&#8220;#ffffff&#8220; shape=&#8220;square&#8220; align=&#8220;center&#8220; el_class=&#8220;btn-read&#8220; link=&#8220;url:https%3A%2F%2Fmgserrature.it%2Fwp-content%2Fuploads%2F2026%2F01%2FCATALOGO-X8.pdf&#8220;][\/vc_column][vc_column width=&#8220;1\/3&#8243;][vc_single_image image=&#8220;79&#8243; img_size=&#8220;full&#8220; alignment=&#8220;center&#8220; el_class=&#8220;cert-ico&#8220; css=&#8220;.vc_custom_1543567629273{margin-bottom: 0px !important;}&#8220;][vc_column_text el_class=&#8220;cert-text&#8220;]<\/p>\n<p style=\"text-align: center;\">SICHERHEITSZYINDER<br \/>\nST<\/p>\n<p>[\/vc_column_text][vc_btn title=&#8220;download&#8220; style=&#8220;outline-custom&#8220; outline_custom_color=&#8220;#000000&#8243; outline_custom_hover_background=&#8220;#000000&#8243; outline_custom_hover_text=&#8220;#ffffff&#8220; shape=&#8220;square&#8220; align=&#8220;center&#8220; el_class=&#8220;btn-read&#8220; link=&#8220;url:https%3A%2F%2Fmgserrature.it%2Fwp-content%2Fuploads%2F2026%2F01%2FCATALOGO-ST.pdf&#8220;][\/vc_column][\/vc_row]<\/p>\n<\/div>","protected":false},"excerpt":{"rendered":"<p>[vc_row full_width=&#8220;stretch_row&#8220; el_class=&#8220;header-page&#8220; css=&#8220;.vc_custom_1543835956737{background-image: url(https:\/\/mgserrature.it\/wp-content\/uploads\/2018\/12\/header-cilindri.jpg?id=142) !important;}&#8220;][vc_column][vc_custom_heading text=&#8220;UNSERE PRODUKTE SCHL\u00dcSSEL UND ZYLINDER &#8220; use_theme_fonts=&#8220;yes&#8220; el_class=&#8220;title-header&#8220;][\/vc_column][\/vc_row][vc_row full_width=&#8220;stretch_row&#8220; el_class=&#8220;container-intro-page&#8220;][vc_column][vc_custom_heading text=&#8220;SCHL\u00dcSSEL UND ZYLINDER&#8220; font_container=&#8220;tag:h2|text_align:center&#8220; [&hellip;]<\/p>\n","protected":false},"author":1,"featured_media":0,"parent":0,"menu_order":0,"comment_status":"closed","ping_status":"closed","template":"","meta":{"_acf_changed":false,"footnotes":""},"acf":[],"_links":{"self":[{"href":"https:\/\/mgserrature.it\/de\/wp-json\/wp\/v2\/pages\/374"}],"collection":[{"href":"https:\/\/mgserrature.it\/de\/wp-json\/wp\/v2\/pages"}],"about":[{"href":"https:\/\/mgserrature.it\/de\/wp-json\/wp\/v2\/types\/page"}],"author":[{"embeddable":true,"href":"https:\/\/mgserrature.it\/de\/wp-json\/wp\/v2\/users\/1"}],"replies":[{"embeddable":true,"href":"https:\/\/mgserrature.it\/de\/wp-json\/wp\/v2\/comments?post=374"}],"version-history":[{"count":11,"href":"https:\/\/mgserrature.it\/de\/wp-json\/wp\/v2\/pages\/374\/revisions"}],"predecessor-version":[{"id":2075,"href":"https:\/\/mgserrature.it\/de\/wp-json\/wp\/v2\/pages\/374\/revisions\/2075"}],"wp:attachment":[{"href":"https:\/\/mgserrature.it\/de\/wp-json\/wp\/v2\/media?parent=374"}],"curies":[{"name":"wp","href":"https:\/\/api.w.org\/{rel}","templated":true}]}}