{"id":372,"date":"2018-11-30T08:47:26","date_gmt":"2018-11-30T08:47:26","guid":{"rendered":"https:\/\/workingfor.net\/redapple\/mgserrature\/chiavi-e-cilindri\/"},"modified":"2026-01-26T10:08:25","modified_gmt":"2026-01-26T10:08:25","slug":"cles-et-cylindres","status":"publish","type":"page","link":"https:\/\/mgserrature.it\/fr\/cles-et-cylindres\/","title":{"rendered":"Cl\u00e9s et cylindres"},"content":{"rendered":"<div class=\"wpb-content-wrapper\"><p>[vc_row full_width=\u00a0\u00bbstretch_row\u00a0\u00bb el_class=\u00a0\u00bbheader-page\u00a0\u00bb css=\u00a0\u00bb.vc_custom_1543835956737{background-image: url(https:\/\/mgserrature.it\/wp-content\/uploads\/2018\/12\/header-cilindri.jpg?id=142) !important;}\u00a0\u00bb][vc_column][vc_custom_heading text=\u00a0\u00bbPRODUITS<br \/>\n<strong>CL\u00c9S ET CYLINDRES<\/strong>\u00a0\u00bb use_theme_fonts=\u00a0\u00bbyes\u00a0\u00bb el_class=\u00a0\u00bbtitle-header\u00a0\u00bb][\/vc_column][\/vc_row][vc_row full_width=\u00a0\u00bbstretch_row\u00a0\u00bb el_class=\u00a0\u00bbcontainer-intro-page\u00a0\u00bb][vc_column][vc_custom_heading text=\u00a0\u00bbCL\u00c9S ET CYLINDRES\u00a0\u00bb font_container=\u00a0\u00bbtag:h2|text_align:center\u00a0\u00bb use_theme_fonts=\u00a0\u00bbyes\u00a0\u00bb][vc_column_text]<\/p>\n<p style=\"text-align: center;\">Le cylindre est le c\u0153ur de votre s\u00e9curit\u00e9. Notre but est produire les cylindres les plus efficaces et fiables pour assurer votre tranquillit\u00e9.<br \/>\nAfin de satisfaire toutes les n\u00e9cessit\u00e9s de nos Clients, nous offrons une vaste s\u00e9lection de cylindres avec finissages et niveaux de s\u00e9curit\u00e9 diff\u00e9rents. Entre eux, vous pouvez trouver nos s\u00e9ries modulaires ST et HSP avec cl\u00e9s brevet\u00e9es et duplication contr\u00f4l\u00e9e de la cl\u00e9, qui ont obtenu la meilleure \u00e9valuation selon les param\u00e8tres de s\u00e9curit\u00e9 \u00e9tablis par la r\u00e9glementation en vigueur EN1303:2015.<\/p>\n<p>[\/vc_column_text][vc_column_text css=\u00a0\u00bb.vc_custom_1548341135842{margin-bottom: 0px !important;}\u00a0\u00bb]<\/p>\n<p style=\"text-align: center;\">Pour \u00e9viter d\u2019avoir un num\u00e9ro excessif de cl\u00e9s, on peut r\u00e9aliser des \u00ab\u00a0organigrammes\u00a0\u00bb, qui vous permettent d\u2019ouvrir plusieurs portes et portillons du m\u00eame b\u00e2timent avec une seule cl\u00e9. Nos cylindres sont enti\u00e8rement produits aupr\u00e8s de notre filiale op\u00e9rationnelle en Italie et test\u00e9s avant d\u2019\u00eatre commercialis\u00e9s.<\/p>\n<p>[\/vc_column_text][\/vc_column][\/vc_row][vc_row equal_height=\u00a0\u00bbyes\u00a0\u00bb el_class=\u00a0\u00bbcontainer-cert\u00a0\u00bb][vc_column width=\u00a0\u00bb1\/3&Prime;][vc_single_image image=\u00a0\u00bb78&Prime; img_size=\u00a0\u00bbfull\u00a0\u00bb alignment=\u00a0\u00bbcenter\u00a0\u00bb el_class=\u00a0\u00bbcert-ico\u00a0\u00bb css=\u00a0\u00bb.vc_custom_1543567575937{margin-bottom: 0px !important;}\u00a0\u00bb][vc_column_text el_class=\u00a0\u00bbcert-text\u00a0\u00bb]<\/p>\n<p style=\"text-align: center;\">CL\u00c9S<br \/>\nET POIGN\u00c9ES<\/p>\n<p>[\/vc_column_text][vc_btn title=\u00a0\u00bbdownload\u00a0\u00bb style=\u00a0\u00bboutline-custom\u00a0\u00bb outline_custom_color=\u00a0\u00bb#000000&Prime; outline_custom_hover_background=\u00a0\u00bb#000000&Prime; outline_custom_hover_text=\u00a0\u00bb#ffffff\u00a0\u00bb shape=\u00a0\u00bbsquare\u00a0\u00bb align=\u00a0\u00bbcenter\u00a0\u00bb el_class=\u00a0\u00bbbtn-read\u00a0\u00bb link=\u00a0\u00bburl:https%3A%2F%2Fmgserrature.it%2Fwp-content%2Fuploads%2F2026%2F01%2FCATALOGO-CHIAVI-E-POMOLI_merged.pdf|target:_blank\u00a0\u00bb][\/vc_column][vc_column width=\u00a0\u00bb1\/3&Prime;][vc_single_image image=\u00a0\u00bb79&Prime; img_size=\u00a0\u00bbfull\u00a0\u00bb alignment=\u00a0\u00bbcenter\u00a0\u00bb el_class=\u00a0\u00bbcert-ico\u00a0\u00bb css=\u00a0\u00bb.vc_custom_1543567613416{margin-bottom: 0px !important;}\u00a0\u00bb][vc_column_text el_class=\u00a0\u00bbcert-text\u00a0\u00bb]<\/p>\n<p style=\"text-align: center;\">CYLINDRES DE HAUTE S\u00c9CURIT\u00c9<br \/>\nHSP<\/p>\n<p>[\/vc_column_text][vc_btn title=\u00a0\u00bbdownload\u00a0\u00bb style=\u00a0\u00bboutline-custom\u00a0\u00bb outline_custom_color=\u00a0\u00bb#000000&Prime; outline_custom_hover_background=\u00a0\u00bb#000000&Prime; outline_custom_hover_text=\u00a0\u00bb#ffffff\u00a0\u00bb shape=\u00a0\u00bbsquare\u00a0\u00bb align=\u00a0\u00bbcenter\u00a0\u00bb el_class=\u00a0\u00bbbtn-read\u00a0\u00bb link=\u00a0\u00bburl:https%3A%2F%2Fmgserrature.it%2Fwp-content%2Fuploads%2F2026%2F01%2FCATALOGO-HSP2.pdf\u00a0\u00bb][\/vc_column][vc_column width=\u00a0\u00bb1\/3&Prime;][vc_single_image image=\u00a0\u00bb79&Prime; img_size=\u00a0\u00bbfull\u00a0\u00bb alignment=\u00a0\u00bbcenter\u00a0\u00bb el_class=\u00a0\u00bbcert-ico\u00a0\u00bb css=\u00a0\u00bb.vc_custom_1543567622517{margin-bottom: 0px !important;}\u00a0\u00bb][vc_column_text el_class=\u00a0\u00bbcert-text\u00a0\u00bb]<\/p>\n<p style=\"text-align: center;\">CYLINDRES<br \/>\nstandard<\/p>\n<p>[\/vc_column_text][vc_btn title=\u00a0\u00bbdownload\u00a0\u00bb style=\u00a0\u00bboutline-custom\u00a0\u00bb outline_custom_color=\u00a0\u00bb#000000&Prime; outline_custom_hover_background=\u00a0\u00bb#000000&Prime; outline_custom_hover_text=\u00a0\u00bb#ffffff\u00a0\u00bb shape=\u00a0\u00bbsquare\u00a0\u00bb align=\u00a0\u00bbcenter\u00a0\u00bb el_class=\u00a0\u00bbbtn-read\u00a0\u00bb link=\u00a0\u00bburl:https%3A%2F%2Fmgserrature.it%2Fwp-content%2Fuploads%2F2026%2F01%2FCATALOGO-CILINDRI-BASE.pdf\u00a0\u00bb][\/vc_column][vc_column width=\u00a0\u00bb1\/3&Prime;][vc_single_image image=\u00a0\u00bb79&Prime; img_size=\u00a0\u00bbfull\u00a0\u00bb alignment=\u00a0\u00bbcenter\u00a0\u00bb el_class=\u00a0\u00bbcert-ico\u00a0\u00bb css=\u00a0\u00bb.vc_custom_1543567643781{margin-bottom: 0px !important;}\u00a0\u00bb][vc_column_text el_class=\u00a0\u00bbcert-text\u00a0\u00bb]<\/p>\n<p style=\"text-align: center;\">CYLINDRES DE HAUTE S\u00c9CURIT\u00c9<br \/>\nHS<\/p>\n<p>[\/vc_column_text][vc_btn title=\u00a0\u00bbdownload\u00a0\u00bb style=\u00a0\u00bboutline-custom\u00a0\u00bb outline_custom_color=\u00a0\u00bb#000000&Prime; outline_custom_hover_background=\u00a0\u00bb#000000&Prime; outline_custom_hover_text=\u00a0\u00bb#ffffff\u00a0\u00bb shape=\u00a0\u00bbsquare\u00a0\u00bb align=\u00a0\u00bbcenter\u00a0\u00bb el_class=\u00a0\u00bbbtn-read\u00a0\u00bb link=\u00a0\u00bburl:https%3A%2F%2Fmgserrature.it%2Fwp-content%2Fuploads%2F2026%2F01%2FCATALOGO-HS.pdf\u00a0\u00bb][\/vc_column][vc_column width=\u00a0\u00bb1\/3&Prime;][vc_single_image image=\u00a0\u00bb79&Prime; img_size=\u00a0\u00bbfull\u00a0\u00bb alignment=\u00a0\u00bbcenter\u00a0\u00bb el_class=\u00a0\u00bbcert-ico\u00a0\u00bb css=\u00a0\u00bb.vc_custom_1543567637434{margin-bottom: 0px !important;}\u00a0\u00bb][vc_column_text el_class=\u00a0\u00bbcert-text\u00a0\u00bb]<\/p>\n<p style=\"text-align: center;\">CYLINDRES DE HAUTE S\u00c9CURIT\u00c9<br \/>\nX8<\/p>\n<p>[\/vc_column_text][vc_btn title=\u00a0\u00bbdownload\u00a0\u00bb style=\u00a0\u00bboutline-custom\u00a0\u00bb outline_custom_color=\u00a0\u00bb#000000&Prime; outline_custom_hover_background=\u00a0\u00bb#000000&Prime; outline_custom_hover_text=\u00a0\u00bb#ffffff\u00a0\u00bb shape=\u00a0\u00bbsquare\u00a0\u00bb align=\u00a0\u00bbcenter\u00a0\u00bb el_class=\u00a0\u00bbbtn-read\u00a0\u00bb link=\u00a0\u00bburl:https%3A%2F%2Fmgserrature.it%2Fwp-content%2Fuploads%2F2026%2F01%2FCATALOGO-X8.pdf\u00a0\u00bb][\/vc_column][vc_column width=\u00a0\u00bb1\/3&Prime;][vc_single_image image=\u00a0\u00bb79&Prime; img_size=\u00a0\u00bbfull\u00a0\u00bb alignment=\u00a0\u00bbcenter\u00a0\u00bb el_class=\u00a0\u00bbcert-ico\u00a0\u00bb css=\u00a0\u00bb.vc_custom_1543567629273{margin-bottom: 0px !important;}\u00a0\u00bb][vc_column_text el_class=\u00a0\u00bbcert-text\u00a0\u00bb]<\/p>\n<p style=\"text-align: center;\">CYLINDRES DE HAUTE S\u00c9CURIT\u00c9<br \/>\nST<\/p>\n<p>[\/vc_column_text][vc_btn title=\u00a0\u00bbdownload\u00a0\u00bb style=\u00a0\u00bboutline-custom\u00a0\u00bb outline_custom_color=\u00a0\u00bb#000000&Prime; outline_custom_hover_background=\u00a0\u00bb#000000&Prime; outline_custom_hover_text=\u00a0\u00bb#ffffff\u00a0\u00bb shape=\u00a0\u00bbsquare\u00a0\u00bb align=\u00a0\u00bbcenter\u00a0\u00bb el_class=\u00a0\u00bbbtn-read\u00a0\u00bb link=\u00a0\u00bburl:https%3A%2F%2Fmgserrature.it%2Fwp-content%2Fuploads%2F2026%2F01%2FCATALOGO-ST.pdf\u00a0\u00bb][\/vc_column][\/vc_row]<\/p>\n<\/div>","protected":false},"excerpt":{"rendered":"<p>[vc_row full_width=\u00a0\u00bbstretch_row\u00a0\u00bb el_class=\u00a0\u00bbheader-page\u00a0\u00bb css=\u00a0\u00bb.vc_custom_1543835956737{background-image: url(https:\/\/mgserrature.it\/wp-content\/uploads\/2018\/12\/header-cilindri.jpg?id=142) !important;}\u00a0\u00bb][vc_column][vc_custom_heading text=\u00a0\u00bbPRODUITS CL\u00c9S ET CYLINDRES\u00a0\u00bb use_theme_fonts=\u00a0\u00bbyes\u00a0\u00bb el_class=\u00a0\u00bbtitle-header\u00a0\u00bb][\/vc_column][\/vc_row][vc_row full_width=\u00a0\u00bbstretch_row\u00a0\u00bb el_class=\u00a0\u00bbcontainer-intro-page\u00a0\u00bb][vc_column][vc_custom_heading text=\u00a0\u00bbCL\u00c9S ET CYLINDRES\u00a0\u00bb font_container=\u00a0\u00bbtag:h2|text_align:center\u00a0\u00bb use_theme_fonts=\u00a0\u00bbyes\u00a0\u00bb][vc_column_text] Le [&hellip;]<\/p>\n","protected":false},"author":1,"featured_media":0,"parent":0,"menu_order":0,"comment_status":"closed","ping_status":"closed","template":"","meta":{"_acf_changed":false,"footnotes":""},"acf":[],"_links":{"self":[{"href":"https:\/\/mgserrature.it\/fr\/wp-json\/wp\/v2\/pages\/372"}],"collection":[{"href":"https:\/\/mgserrature.it\/fr\/wp-json\/wp\/v2\/pages"}],"about":[{"href":"https:\/\/mgserrature.it\/fr\/wp-json\/wp\/v2\/types\/page"}],"author":[{"embeddable":true,"href":"https:\/\/mgserrature.it\/fr\/wp-json\/wp\/v2\/users\/1"}],"replies":[{"embeddable":true,"href":"https:\/\/mgserrature.it\/fr\/wp-json\/wp\/v2\/comments?post=372"}],"version-history":[{"count":9,"href":"https:\/\/mgserrature.it\/fr\/wp-json\/wp\/v2\/pages\/372\/revisions"}],"predecessor-version":[{"id":2068,"href":"https:\/\/mgserrature.it\/fr\/wp-json\/wp\/v2\/pages\/372\/revisions\/2068"}],"wp:attachment":[{"href":"https:\/\/mgserrature.it\/fr\/wp-json\/wp\/v2\/media?parent=372"}],"curies":[{"name":"wp","href":"https:\/\/api.w.org\/{rel}","templated":true}]}}