{"id":384,"date":"2018-11-29T10:46:26","date_gmt":"2018-11-29T10:46:26","guid":{"rendered":"https:\/\/workingfor.net\/redapple\/mgserrature\/serrature\/"},"modified":"2026-01-26T13:19:18","modified_gmt":"2026-01-26T13:19:18","slug":"serrures","status":"publish","type":"page","link":"https:\/\/mgserrature.it\/fr\/serrures\/","title":{"rendered":"Serrures"},"content":{"rendered":"<div class=\"wpb-content-wrapper\"><p>[vc_row full_width=\u00a0\u00bbstretch_row\u00a0\u00bb el_class=\u00a0\u00bbheader-page\u00a0\u00bb css=\u00a0\u00bb.vc_custom_1543566277216{background-image: url(https:\/\/mgserrature.it\/wp-content\/uploads\/2018\/11\/headerpage-serrature.jpg?id=70) !important;}\u00a0\u00bb][vc_column][vc_custom_heading text=\u00a0\u00bbSERRURES\u00a0\u00bb use_theme_fonts=\u00a0\u00bbyes\u00a0\u00bb el_class=\u00a0\u00bbtitle-header\u00a0\u00bb][\/vc_column][\/vc_row][vc_row full_width=\u00a0\u00bbstretch_row\u00a0\u00bb el_class=\u00a0\u00bbcontainer-intro-page\u00a0\u00bb][vc_column][vc_custom_heading text=\u00a0\u00bbSERRURES\u00a0\u00bb font_container=\u00a0\u00bbtag:h2|text_align:center\u00a0\u00bb use_theme_fonts=\u00a0\u00bbyes\u00a0\u00bb][vc_column_text css=\u00a0\u00bb.vc_custom_1548341698655{margin-bottom: 0px !important;}\u00a0\u00bb]<\/p>\n<p style=\"text-align: center;\">La serrure est le composant qui rend la fermeture solide et assure votre s\u00e9curit\u00e9.<br \/>\nEntre nos produits, vous pouvez trouver une vaste s\u00e9lection de serrures qui peuvent \u00eatre combin\u00e9es avec structures et mat\u00e9riels diff\u00e9rents &#8211; int\u00e9rieures et ext\u00e9rieures, en aluminium, fer, bois \u2013 qui sont disponibles dans plusieurs mesures et finissages.<br \/>\nToutes nos serrures sont enti\u00e8rement produites et test\u00e9es aupr\u00e8s de notre filiale en Italie<\/p>\n<p>[\/vc_column_text][\/vc_column][\/vc_row][vc_row equal_height=\u00a0\u00bbyes\u00a0\u00bb el_class=\u00a0\u00bbcontainer-cert\u00a0\u00bb][vc_column width=\u00a0\u00bb1\/2&Prime;][vc_single_image image=\u00a0\u00bb68&Prime; img_size=\u00a0\u00bbfull\u00a0\u00bb alignment=\u00a0\u00bbcenter\u00a0\u00bb el_class=\u00a0\u00bbcert-ico\u00a0\u00bb css=\u00a0\u00bb.vc_custom_1543510051359{margin-bottom: 0px !important;}\u00a0\u00bb][vc_column_text el_class=\u00a0\u00bbcert-text\u00a0\u00bb]<\/p>\n<p style=\"text-align: center;\">SERRURES<br \/>\nPOUR PORTES EN ALUMINIUM<\/p>\n<p>[\/vc_column_text][vc_btn title=\u00a0\u00bbdownload\u00a0\u00bb style=\u00a0\u00bboutline-custom\u00a0\u00bb outline_custom_color=\u00a0\u00bb#000000&Prime; outline_custom_hover_background=\u00a0\u00bb#000000&Prime; outline_custom_hover_text=\u00a0\u00bb#ffffff\u00a0\u00bb shape=\u00a0\u00bbsquare\u00a0\u00bb align=\u00a0\u00bbcenter\u00a0\u00bb el_class=\u00a0\u00bbbtn-read\u00a0\u00bb link=\u00a0\u00bburl:https%3A%2F%2Fmgserrature.it%2Fwp-content%2Fuploads%2F2026%2F01%2FCATALOGO-ALLUMINIO.pdf\u00a0\u00bb][\/vc_column][vc_column width=\u00a0\u00bb1\/2&Prime;][vc_single_image image=\u00a0\u00bb68&Prime; img_size=\u00a0\u00bbfull\u00a0\u00bb alignment=\u00a0\u00bbcenter\u00a0\u00bb el_class=\u00a0\u00bbcert-ico\u00a0\u00bb css=\u00a0\u00bb.vc_custom_1543510051359{margin-bottom: 0px !important;}\u00a0\u00bb][vc_column_text el_class=\u00a0\u00bbcert-text\u00a0\u00bb]<\/p>\n<p style=\"text-align: center;\">SERRURES<br \/>\nPOUR COULISSANTS ET RIDEAUX<\/p>\n<p>[\/vc_column_text][vc_btn title=\u00a0\u00bbdownload\u00a0\u00bb style=\u00a0\u00bboutline-custom\u00a0\u00bb outline_custom_color=\u00a0\u00bb#000000&Prime; outline_custom_hover_background=\u00a0\u00bb#000000&Prime; outline_custom_hover_text=\u00a0\u00bb#ffffff\u00a0\u00bb shape=\u00a0\u00bbsquare\u00a0\u00bb align=\u00a0\u00bbcenter\u00a0\u00bb el_class=\u00a0\u00bbbtn-read\u00a0\u00bb link=\u00a0\u00bburl:https%3A%2F%2Fmgserrature.it%2Fwp-content%2Fuploads%2F2026%2F01%2FCATALOGO-SERRATURE-SCORREVOLI.pdf\u00a0\u00bb][\/vc_column][vc_column width=\u00a0\u00bb1\/2&Prime;][vc_single_image image=\u00a0\u00bb68&Prime; img_size=\u00a0\u00bbfull\u00a0\u00bb alignment=\u00a0\u00bbcenter\u00a0\u00bb el_class=\u00a0\u00bbcert-ico\u00a0\u00bb css=\u00a0\u00bb.vc_custom_1543510051359{margin-bottom: 0px !important;}\u00a0\u00bb][vc_column_text el_class=\u00a0\u00bbcert-text\u00a0\u00bb]<\/p>\n<p style=\"text-align: center;\">SERRURES<br \/>\nPOUR PORTES EN BOIS<\/p>\n<p>[\/vc_column_text][vc_btn title=\u00a0\u00bbdownload\u00a0\u00bb style=\u00a0\u00bboutline-custom\u00a0\u00bb outline_custom_color=\u00a0\u00bb#000000&Prime; outline_custom_hover_background=\u00a0\u00bb#000000&Prime; outline_custom_hover_text=\u00a0\u00bb#ffffff\u00a0\u00bb shape=\u00a0\u00bbsquare\u00a0\u00bb align=\u00a0\u00bbcenter\u00a0\u00bb el_class=\u00a0\u00bbbtn-read\u00a0\u00bb link=\u00a0\u00bburl:https%3A%2F%2Fmgserrature.it%2Fwp-content%2Fuploads%2F2026%2F01%2FCATALOGO-SERRATURE-LEGNO.pdf\u00a0\u00bb][\/vc_column][vc_column width=\u00a0\u00bb1\/2&Prime;][vc_single_image image=\u00a0\u00bb68&Prime; img_size=\u00a0\u00bbfull\u00a0\u00bb alignment=\u00a0\u00bbcenter\u00a0\u00bb el_class=\u00a0\u00bbcert-ico\u00a0\u00bb css=\u00a0\u00bb.vc_custom_1543510051359{margin-bottom: 0px !important;}\u00a0\u00bb][vc_column_text el_class=\u00a0\u00bbcert-text\u00a0\u00bb]<\/p>\n<p style=\"text-align: center;\">SERRURES POUR PORTES EN FER<br \/>\nCOUPE-FEU ET EN GLACE<\/p>\n<p>[\/vc_column_text][vc_btn title=\u00a0\u00bbdownload\u00a0\u00bb style=\u00a0\u00bboutline-custom\u00a0\u00bb outline_custom_color=\u00a0\u00bb#000000&Prime; outline_custom_hover_background=\u00a0\u00bb#000000&Prime; outline_custom_hover_text=\u00a0\u00bb#ffffff\u00a0\u00bb shape=\u00a0\u00bbsquare\u00a0\u00bb align=\u00a0\u00bbcenter\u00a0\u00bb el_class=\u00a0\u00bbbtn-read\u00a0\u00bb link=\u00a0\u00bburl:https%3A%2F%2Fmgserrature.it%2Fwp-content%2Fuploads%2F2026%2F01%2FCATALOGO-SERRATURE-FERRO-TAGLIAFUOCO-E-VETRO.pdf\u00a0\u00bb][\/vc_column][\/vc_row]<\/p>\n<\/div>","protected":false},"excerpt":{"rendered":"<p>[vc_row full_width=\u00a0\u00bbstretch_row\u00a0\u00bb el_class=\u00a0\u00bbheader-page\u00a0\u00bb css=\u00a0\u00bb.vc_custom_1543566277216{background-image: url(https:\/\/mgserrature.it\/wp-content\/uploads\/2018\/11\/headerpage-serrature.jpg?id=70) !important;}\u00a0\u00bb][vc_column][vc_custom_heading text=\u00a0\u00bbSERRURES\u00a0\u00bb use_theme_fonts=\u00a0\u00bbyes\u00a0\u00bb el_class=\u00a0\u00bbtitle-header\u00a0\u00bb][\/vc_column][\/vc_row][vc_row full_width=\u00a0\u00bbstretch_row\u00a0\u00bb el_class=\u00a0\u00bbcontainer-intro-page\u00a0\u00bb][vc_column][vc_custom_heading text=\u00a0\u00bbSERRURES\u00a0\u00bb font_container=\u00a0\u00bbtag:h2|text_align:center\u00a0\u00bb use_theme_fonts=\u00a0\u00bbyes\u00a0\u00bb][vc_column_text css=\u00a0\u00bb.vc_custom_1548341698655{margin-bottom: 0px !important;}\u00a0\u00bb] La serrure est [&hellip;]<\/p>\n","protected":false},"author":1,"featured_media":0,"parent":0,"menu_order":0,"comment_status":"closed","ping_status":"closed","template":"","meta":{"_acf_changed":false,"footnotes":""},"acf":[],"_links":{"self":[{"href":"https:\/\/mgserrature.it\/fr\/wp-json\/wp\/v2\/pages\/384"}],"collection":[{"href":"https:\/\/mgserrature.it\/fr\/wp-json\/wp\/v2\/pages"}],"about":[{"href":"https:\/\/mgserrature.it\/fr\/wp-json\/wp\/v2\/types\/page"}],"author":[{"embeddable":true,"href":"https:\/\/mgserrature.it\/fr\/wp-json\/wp\/v2\/users\/1"}],"replies":[{"embeddable":true,"href":"https:\/\/mgserrature.it\/fr\/wp-json\/wp\/v2\/comments?post=384"}],"version-history":[{"count":7,"href":"https:\/\/mgserrature.it\/fr\/wp-json\/wp\/v2\/pages\/384\/revisions"}],"predecessor-version":[{"id":2092,"href":"https:\/\/mgserrature.it\/fr\/wp-json\/wp\/v2\/pages\/384\/revisions\/2092"}],"wp:attachment":[{"href":"https:\/\/mgserrature.it\/fr\/wp-json\/wp\/v2\/media?parent=384"}],"curies":[{"name":"wp","href":"https:\/\/api.w.org\/{rel}","templated":true}]}}